{"id":716,"date":"2025-05-14T11:47:00","date_gmt":"2025-05-14T11:47:00","guid":{"rendered":"https:\/\/asociatia-vor.ro\/?page_id=716"},"modified":"2025-05-14T11:56:04","modified_gmt":"2025-05-14T11:56:04","slug":"politica-cookies","status":"publish","type":"page","link":"https:\/\/asociatia-vor.ro\/index.php\/politica-cookies\/","title":{"rendered":"Politica cookies"},"content":{"rendered":"\t\t<div data-elementor-type=\"wp-page\" data-elementor-id=\"716\" class=\"elementor elementor-716\" data-elementor-post-type=\"page\">\n\t\t\t\t<div class=\"elementor-element elementor-element-afd89b8 e-con-full e-flex e-con e-parent\" data-id=\"afd89b8\" data-element_type=\"container\" data-e-type=\"container\">\n\t\t\t\t<div class=\"elementor-element elementor-element-fb8a54a elementor-invisible elementor-widget elementor-widget-text-editor\" data-id=\"fb8a54a\" data-element_type=\"widget\" data-e-type=\"widget\" data-settings=\"{&quot;_animation&quot;:&quot;fadeInLeft&quot;,&quot;_animation_delay&quot;:300}\" data-widget_type=\"text-editor.default\">\n\t\t\t\t<div class=\"elementor-widget-container\">\n\t\t\t\t\t\t\t\t\t\u201cAsocia\u0163ia V.O.R. \u2013 Valoare Oameni Resurse\u201d Privacy and Cookies Policy\t\t\t\t\t\t\t\t<\/div>\n\t\t\t\t<\/div>\n\t\t<div class=\"elementor-element elementor-element-f062081 e-con-full e-flex e-con e-child\" data-id=\"f062081\" data-element_type=\"container\" data-e-type=\"container\">\n\t\t\t\t<div class=\"elementor-element elementor-element-d415604 elementor-widget elementor-widget-text-editor\" data-id=\"d415604\" data-element_type=\"widget\" data-e-type=\"widget\" data-widget_type=\"text-editor.default\">\n\t\t\t\t<div class=\"elementor-widget-container\">\n\t\t\t\t\t\t\t\t\tAsocia\u0163ia V.O.R. \u2013 Valoare Oameni Resurse (hereinafter referred to as \u201cAssociation\u201d) with its registered office in Ia\u0219i, Nicolae Iorga Boulevard, no. 12E, floor 1, office 10, Ia\u0219i County, registered in the Register of Associations and Foundations under no. 94\/A\/31.10.2023, having fiscal registration code (CIF): 49113142\/14.11.2023, together with the partner companies, processes personal data in accordance with the legal provisions regarding the processing of personal data and free circulation of such data.\t\t\t\t\t\t\t\t<\/div>\n\t\t\t\t<\/div>\n\t\t\t\t<div class=\"elementor-element elementor-element-f7484a1 elementor-widget elementor-widget-text-editor\" data-id=\"f7484a1\" data-element_type=\"widget\" data-e-type=\"widget\" data-widget_type=\"text-editor.default\">\n\t\t\t\t<div class=\"elementor-widget-container\">\n\t\t\t\t\t\t\t\t\tThe role of the present notification is to explain how your personal data can be collected and which is the purpose of using such data in accordance with the European Regulation 679\/2016 (GDPR Policy). Please read carefully and acknowledge the following:\t\t\t\t\t\t\t\t<\/div>\n\t\t\t\t<\/div>\n\t\t\t\t<div class=\"elementor-element elementor-element-d8bf840 elementor-widget elementor-widget-text-editor\" data-id=\"d8bf840\" data-element_type=\"widget\" data-e-type=\"widget\" data-widget_type=\"text-editor.default\">\n\t\t\t\t<div class=\"elementor-widget-container\">\n\t\t\t\t\t\t\t\t\t<p><b>What data do we collect?<\/b><\/p><p>The categories of data that are collected are listed below (without being limited to):<\/p><ul><li>Personal and contact information, including name, surname, address, age, date of birth, sex, email address, and phone number, country of residence, citizenship, signature.<\/li><li>Professional background, including job titles, industries, and skills, function\/position within the company, seniority in a job position, other information contained in the Curriculum Vitae,<span class=\"Apple-converted-space\">\u00a0 <\/span>as voluntarily provided by the user to support program placement or collaboration opportunities.<\/li><li>Spoken languages, self-reported by users to help identify relevant programs or initiatives that require specific language capabilities.<\/li><li>Photo &#8211; video materials, taken on recruiting events or other events related to job opportunities.<\/li><\/ul>\t\t\t\t\t\t\t\t<\/div>\n\t\t\t\t<\/div>\n\t\t\t\t<div class=\"elementor-element elementor-element-dfca1ad elementor-widget elementor-widget-text-editor\" data-id=\"dfca1ad\" data-element_type=\"widget\" data-e-type=\"widget\" data-widget_type=\"text-editor.default\">\n\t\t\t\t<div class=\"elementor-widget-container\">\n\t\t\t\t\t\t\t\t\t<p><b>How will we use your data?<\/b><\/p>\t\t\t\t\t\t\t\t<\/div>\n\t\t\t\t<\/div>\n\t\t\t\t<div class=\"elementor-element elementor-element-e3b05f0 elementor-widget elementor-widget-text-editor\" data-id=\"e3b05f0\" data-element_type=\"widget\" data-e-type=\"widget\" data-widget_type=\"text-editor.default\">\n\t\t\t\t<div class=\"elementor-widget-container\">\n\t\t\t\t\t\t\t\t\t<p><b>The Association<\/b> collects and processes personal data for the following purposes:<\/p><ul><li>Present or future collaboration (such as, but not limited to, employment, professional training, any type of partnership);<\/li><li>Communication and correspondence regarding the opportunity for professional development within Association\u2019s programs and within Association\u2019s partners (such as employment opportunities, available positions in the company and other related information);<\/li><li>Communications or reports to the competent state or government authorities, institutions and agencies;<\/li><li>Participation in the recruitment process with a view to employment;<\/li><li>Compliance with applicable rules, legal regulations, codes of conduct or guidelines or for law enforcement and cooperation with competent authorities.<\/li><\/ul>\t\t\t\t\t\t\t\t<\/div>\n\t\t\t\t<\/div>\n\t\t\t\t<div class=\"elementor-element elementor-element-b474782 elementor-widget elementor-widget-text-editor\" data-id=\"b474782\" data-element_type=\"widget\" data-e-type=\"widget\" data-widget_type=\"text-editor.default\">\n\t\t\t\t<div class=\"elementor-widget-container\">\n\t\t\t\t\t\t\t\t\t<p>As part of our commitment to maintaining transparency, fairness, and alignment with its values, the Association may review publicly available information from professional or social platforms when assessing individuals who express interest in participating in our programs, initiatives, or public campaigns.<\/p>\t\t\t\t\t\t\t\t<\/div>\n\t\t\t\t<\/div>\n\t\t\t\t<div class=\"elementor-element elementor-element-a74efbb elementor-widget elementor-widget-text-editor\" data-id=\"a74efbb\" data-element_type=\"widget\" data-e-type=\"widget\" data-widget_type=\"text-editor.default\">\n\t\t\t\t<div class=\"elementor-widget-container\">\n\t\t\t\t\t\t\t\t\t<p>This review is limited in scope and serves only to:<\/p><ul><li>Verify publicly stated qualifications, affiliations, or public roles;<\/li><li>Ensure alignment with the ethical standards or eligibility criteria associated with the specific program or campaign.<\/li><\/ul><p>This processing is based on the Association\u2019s legitimate interests and is carried out with appropriate safeguards to ensure fairness and transparency:<\/p><ul><li>Only publicly available and relevant information is manually reviewed by authorized personnel; no automated tools or profiling are used.<\/li><li>Sensitive personal data (such as political opinions, religious beliefs, or health-related details) is not intentionally reviewed or used, unless clearly relevant to the program and permitted by applicable law.<\/li><li>If any concerns arise from the review, participants will be informed and given the opportunity to provide context or clarification; the Association remains committed to using this data responsibly and solely to support the integrity and fairness of its programs.<\/li><\/ul>\t\t\t\t\t\t\t\t<\/div>\n\t\t\t\t<\/div>\n\t\t\t\t<div class=\"elementor-element elementor-element-eb0c349 elementor-widget elementor-widget-text-editor\" data-id=\"eb0c349\" data-element_type=\"widget\" data-e-type=\"widget\" data-widget_type=\"text-editor.default\">\n\t\t\t\t<div class=\"elementor-widget-container\">\n\t\t\t\t\t\t\t\t\t<p><b>Collecting and processing your personal data for the purposes aforementioned are based on:<\/b><\/p><ul><li>your consent;<\/li><li>a legal obligation;<\/li><li>a justified interest in protecting the image of the association in an optimal framework for achieving the economic goals;<\/li><li>ensuring transparency and individual protection.<\/li><\/ul>\t\t\t\t\t\t\t\t<\/div>\n\t\t\t\t<\/div>\n\t\t\t\t<div class=\"elementor-element elementor-element-536553d elementor-widget elementor-widget-text-editor\" data-id=\"536553d\" data-element_type=\"widget\" data-e-type=\"widget\" data-widget_type=\"text-editor.default\">\n\t\t\t\t<div class=\"elementor-widget-container\">\n\t\t\t\t\t\t\t\t\t<p><b>Categories of recipients to whom the collected personal data may be disclosed:<\/b><\/p><p>\u2022 state authorities and public institutions;<\/p><p>\u2022 providers that are directly\/indirectly involved in the process of recruitment and employment;<\/p><p>\u2022 intermediaries involved in the administration, storage and security of the provided information;<\/p><p>\u2022 other companies partners of the Association and its collaborators (such as, but not limited to DARE TALENT DEVELOPMENT SRL.), to inform you about relevant recruiting services, job opportunities, or to connect you with potential employers.<\/p>\t\t\t\t\t\t\t\t<\/div>\n\t\t\t\t<\/div>\n\t\t\t\t<div class=\"elementor-element elementor-element-7ef97ac elementor-widget elementor-widget-text-editor\" data-id=\"7ef97ac\" data-element_type=\"widget\" data-e-type=\"widget\" data-widget_type=\"text-editor.default\">\n\t\t\t\t<div class=\"elementor-widget-container\">\n\t\t\t\t\t\t\t\t\t<p><b>How do we store your data?<\/b><\/p><p>Personal data will be stored for a period of 3 years on the servers of the association, in order to accomplish the aforementioned purposes or for a longer period if stipulated by the legal provisions.<\/p>\t\t\t\t\t\t\t\t<\/div>\n\t\t\t\t<\/div>\n\t\t\t\t<div class=\"elementor-element elementor-element-8f949f9 elementor-widget elementor-widget-text-editor\" data-id=\"8f949f9\" data-element_type=\"widget\" data-e-type=\"widget\" data-widget_type=\"text-editor.default\">\n\t\t\t\t<div class=\"elementor-widget-container\">\n\t\t\t\t\t\t\t\t\t<p><b>What are your data protection rights?<\/b><\/p><p>The Association would like to make sure you are fully aware of all of your data protection rights. Every user is entitled to the following:<\/p><ul><li><b>The right to information &#8211; <\/b>you have the right to receive information about the processing of your personal data.<span class=\"Apple-converted-space\">\u00a0<\/span><\/li><li><b>The right to access<\/b>\u00a0\u2013 You have the right to request the Association for copies of your personal data.<span class=\"Apple-converted-space\">\u00a0<\/span><\/li><li><b>The right to rectification<\/b>\u00a0\u2013 You have the right to request that The Association correct any information you believe is inaccurate. You also have the right to request the Association to complete the information you believe is incomplete.<\/li><li><b>The right to erasure<\/b>\u00a0\u2013 You have the right to request that the Association erase your personal data, under certain conditions. The association will comply immediately to the extent that:<\/li><\/ul><p>&#8211; this data is no longer necessary for the purpose for which it was collected or processed;<\/p><p>&#8211; you withdraw your consent and there is no other legal basis for the processing;<\/p><p>&#8211; you object to the processing of your personal data;<\/p><p>&#8211; your personal data has been processed unlawfully;<\/p><p>&#8211; your personal data must be deleted in order to comply with a legal obligation.<\/p><ul><li><b>The right to restrict processing<\/b>\u00a0\u2013 You have the right to request that the Association restrict the processing of your personal data, under certain conditions:<\/li><\/ul><p>&#8211; you contest the accuracy of the data. The processing will be restricted for a period necessary to verify the accuracy of the data;<\/p><p>&#8211; the processing of your personal data is unlawful, but you choose to request restriction rather than erasure;<\/p><p>&#8211; you request restriction for the establishment, exercise or defense of a legal claim;<\/p><p>&#8211; you object to a processing based on legitimate interest<\/p><ul><li><b>The right to object to processing<\/b>\u00a0\u2013 You have the right to object to the Association\u2019s processing of your personal data, under certain conditions.<\/li><li><b>The right to data portability<\/b>\u00a0\u2013 You have the right to request that the Association transfer the data that we have collected to another organization, or directly to you, under certain conditions.<\/li><li><b>The right to be notified<\/b> by the controller in the event of data security breaches.<\/li><li><b>The right not to be subject<\/b> to a decision based solely on automated processing, including profiling<\/li><li><b>The right to withdraw your consent<\/b> \u2013 You have the right to withdraw your consent to the processing of your personal data\/processing of photo and video material for the stated purpose. You should note that withdrawal of consent will not affect the lawfulness of the processing carried out on the basis of consent prior to the withdrawal of consent.<\/li><\/ul>\t\t\t\t\t\t\t\t<\/div>\n\t\t\t\t<\/div>\n\t\t\t\t<div class=\"elementor-element elementor-element-03dc68b elementor-widget elementor-widget-text-editor\" data-id=\"03dc68b\" data-element_type=\"widget\" data-e-type=\"widget\" data-widget_type=\"text-editor.default\">\n\t\t\t\t<div class=\"elementor-widget-container\">\n\t\t\t\t\t\t\t\t\t<p>Please note that these rights may apply only in specific situations, as defined under applicable data protection laws (GDPR Policy).<\/p>\t\t\t\t\t\t\t\t<\/div>\n\t\t\t\t<\/div>\n\t\t\t\t<div class=\"elementor-element elementor-element-f57f066 elementor-widget elementor-widget-text-editor\" data-id=\"f57f066\" data-element_type=\"widget\" data-e-type=\"widget\" data-widget_type=\"text-editor.default\">\n\t\t\t\t<div class=\"elementor-widget-container\">\n\t\t\t\t\t\t\t\t\t<p>We will respond to your request within one month after receipt of the request. Please note that in complex cases, the response time may be extended by another two months in accordance with GDPR regulations.<\/p>\t\t\t\t\t\t\t\t<\/div>\n\t\t\t\t<\/div>\n\t\t\t\t<div class=\"elementor-element elementor-element-d37ccce elementor-widget elementor-widget-text-editor\" data-id=\"d37ccce\" data-element_type=\"widget\" data-e-type=\"widget\" data-widget_type=\"text-editor.default\">\n\t\t\t\t<div class=\"elementor-widget-container\">\n\t\t\t\t\t\t\t\t\t<p>To exercise any of your data protection rights, please contact us:<\/p><ul><li>via post at the address: Ia\u0219i Municipality, Nicolae Iorga Boulevard, no. 12E, floor 1, office 10, Ia\u0219i County<span class=\"Apple-converted-space\">\u00a0<\/span><\/li><li>via email: <a href=\"mailto:contact@asociatia-vor.ro\">contact@asociatia-vor.ro<\/a><span class=\"Apple-converted-space\">\u00a0<\/span><\/li><\/ul>\t\t\t\t\t\t\t\t<\/div>\n\t\t\t\t<\/div>\n\t\t\t\t<div class=\"elementor-element elementor-element-d70100e elementor-widget elementor-widget-text-editor\" data-id=\"d70100e\" data-element_type=\"widget\" data-e-type=\"widget\" data-widget_type=\"text-editor.default\">\n\t\t\t\t<div class=\"elementor-widget-container\">\n\t\t\t\t\t\t\t\t\t<p>Should you wish to report a complaint or if you feel that The Association has not addressed your concern in a satisfactory manner, you may contact <a href=\"https:\/\/www.dataprotection.ro\/\">Autoritatea Na\u0163ional\u0103 de Supraveghere a Prelucr\u0103rii Datelor cu Caracter Personal<\/a><\/p>\t\t\t\t\t\t\t\t<\/div>\n\t\t\t\t<\/div>\n\t\t\t\t<div class=\"elementor-element elementor-element-9ced6d0 elementor-widget elementor-widget-text-editor\" data-id=\"9ced6d0\" data-element_type=\"widget\" data-e-type=\"widget\" data-widget_type=\"text-editor.default\">\n\t\t\t\t<div class=\"elementor-widget-container\">\n\t\t\t\t\t\t\t\t\t<p>Email: <a href=\"mailto:anspdcp@dataprotection.ro\">anspdcp@dataprotection.ro<\/a>;<span class=\"Apple-converted-space\">\u00a0 <\/span><a href=\"mailto:dpo@dataprotection.ro\">dpo@dataprotection.ro<\/a><span class=\"Apple-converted-space\">\u00a0<\/span><\/p><p>Address: Gheorghe Magheru Boulevard 28-30, Sector 1, postal code 010336, Bucharest, Romania<span class=\"Apple-converted-space\">\u00a0<\/span><\/p>\t\t\t\t\t\t\t\t<\/div>\n\t\t\t\t<\/div>\n\t\t\t\t<div class=\"elementor-element elementor-element-f3ace05 elementor-widget elementor-widget-text-editor\" data-id=\"f3ace05\" data-element_type=\"widget\" data-e-type=\"widget\" data-widget_type=\"text-editor.default\">\n\t\t\t\t<div class=\"elementor-widget-container\">\n\t\t\t\t\t\t\t\t\t<p><b>Cookies<\/b><b><\/b><\/p><p>Cookies are text files placed on your computer to collect standard Internet log information and visitor behavior information. When you visit our website, we may collect information from you automatically through cookies or similar technology. This help websites remember important information about you and are installed by a web server&#8217;s request from a browser (eg: Internet Explorer, Google Chrome) and are &#8220;passive&#8221; (do not contain software, viruses or spyware and cannot access the information on the user&#8217;s hard drive) .<\/p><p>For further information, visit allaboutcookies.org<\/p>\t\t\t\t\t\t\t\t<\/div>\n\t\t\t\t<\/div>\n\t\t\t\t<div class=\"elementor-element elementor-element-2c33084 elementor-widget elementor-widget-text-editor\" data-id=\"2c33084\" data-element_type=\"widget\" data-e-type=\"widget\" data-widget_type=\"text-editor.default\">\n\t\t\t\t<div class=\"elementor-widget-container\">\n\t\t\t\t\t\t\t\t\t<p><b>How do we use cookies?<\/b><\/p><p>The Association uses cookies in a range of ways to improve your experience on our website, including:<\/p><ul><li>Keeping you signed in<\/li><li>Understanding how you use our website<\/li><\/ul><p>These files make it possible to recognize the user&#8217;s terminal and present the content in a relevant way, tailored to the user&#8217;s preferences. Cookies provide users an agreeable experience and support our efforts to provide comfortable services to users, eg: preferences regarding online confidentiality or relevant advertising.<\/p>\t\t\t\t\t\t\t\t<\/div>\n\t\t\t\t<\/div>\n\t\t\t\t<div class=\"elementor-element elementor-element-51c6f7c elementor-widget elementor-widget-text-editor\" data-id=\"51c6f7c\" data-element_type=\"widget\" data-e-type=\"widget\" data-widget_type=\"text-editor.default\">\n\t\t\t\t<div class=\"elementor-widget-container\">\n\t\t\t\t\t\t\t\t\t<p><b>What types of cookies do we use?<\/b><\/p><p>Our website utilizes the following types of cookies to enhance your browsing experience:<\/p><ul><li>Functionality Cookies: These cookies enable us to recognize you when you return to our website and remember your chosen preferences, such as your preferred language and location settings. We use both first-party (set by us) and third-party (set by other providers) functionality cookies.<\/li><li>Advertising Cookies: These cookies collect information about your activity on our website, including the pages you viewed, the links you clicked, and details about your browser, device, and IP address. We may share limited, anonymized data with third-party advertising partners to show you relevant advertisements on other websites based on your interests on our site. <i>For example<\/i>: to show advertisements for relevant job openings or career training programs on other websites, to reach individuals who have shown interest in specific professional fields on our site with information about relevant opportunities etc.<\/li><\/ul><p>In addition to these categories, we use two main types of cookies based on their duration: session cookies and persistent cookies. Session cookies are temporary files that exist only while you are browsing our website and are deleted when you close your browser. Persistent cookies remain on your device for a longer period.<\/p>\t\t\t\t\t\t\t\t<\/div>\n\t\t\t\t<\/div>\n\t\t\t\t<div class=\"elementor-element elementor-element-9b5a925 elementor-widget elementor-widget-text-editor\" data-id=\"9b5a925\" data-element_type=\"widget\" data-e-type=\"widget\" data-widget_type=\"text-editor.default\">\n\t\t\t\t<div class=\"elementor-widget-container\">\n\t\t\t\t\t\t\t\t\t<p><b>Do cookies contain personal data?<\/b><\/p><p>Cookies don\u2019t require personal information in order to be used, and in most cases, don\u2019t identify internet users. Personal data collected through the use of cookies can only be collected to facilitate certain functionalities for users. Therefore the data is encrypted so that it is impossible to be accessed by unauthorized persons.<\/p>\t\t\t\t\t\t\t\t<\/div>\n\t\t\t\t<\/div>\n\t\t\t\t<div class=\"elementor-element elementor-element-7877836 elementor-widget elementor-widget-text-editor\" data-id=\"7877836\" data-element_type=\"widget\" data-e-type=\"widget\" data-widget_type=\"text-editor.default\">\n\t\t\t\t<div class=\"elementor-widget-container\">\n\t\t\t\t\t\t\t\t\t<p><b>Deleting cookies<\/b><\/p><p>Generally, an application used to access web pages allows the cookies to be saved by default. These settings can be changed so that the automatic administration of cookies is blocked by the web browser or the user is informed whenever cookies are sent to his terminal. Detailed information about the possibilities and ways of managing cookies can be found in the settings area of the application (web browser). Limiting the use of cookies can affect certain functionalities of the web page.<span class=\"Apple-converted-space\">\u00a0<\/span><\/p>\t\t\t\t\t\t\t\t<\/div>\n\t\t\t\t<\/div>\n\t\t\t\t<div class=\"elementor-element elementor-element-4f94f3a elementor-widget elementor-widget-text-editor\" data-id=\"4f94f3a\" data-element_type=\"widget\" data-e-type=\"widget\" data-widget_type=\"text-editor.default\">\n\t\t\t\t<div class=\"elementor-widget-container\">\n\t\t\t\t\t\t\t\t\t<p><b>Privacy policies of other websites<\/b><\/p><p>The Association website may contain links to other websites (e.g. partners\u2019 websites). Our privacy policy applies only to our website, so if you click on a link to another website, you should read their privacy policy.<\/p>\t\t\t\t\t\t\t\t<\/div>\n\t\t\t\t<\/div>\n\t\t\t\t<div class=\"elementor-element elementor-element-b43fc79 elementor-widget elementor-widget-text-editor\" data-id=\"b43fc79\" data-element_type=\"widget\" data-e-type=\"widget\" data-widget_type=\"text-editor.default\">\n\t\t\t\t<div class=\"elementor-widget-container\">\n\t\t\t\t\t\t\t\t\t<p><b>Changes to our privacy policy<\/b><\/p><p>The Association keeps its privacy policy under regular review and places any updates on this web page. This privacy policy was last updated on <b>10<\/b><b><sup>th<\/sup><\/b><b> of April 2025<\/b>.<\/p>\t\t\t\t\t\t\t\t<\/div>\n\t\t\t\t<\/div>\n\t\t\t\t<div class=\"elementor-element elementor-element-18d21cd elementor-widget elementor-widget-text-editor\" data-id=\"18d21cd\" data-element_type=\"widget\" data-e-type=\"widget\" data-widget_type=\"text-editor.default\">\n\t\t\t\t<div class=\"elementor-widget-container\">\n\t\t\t\t\t\t\t\t\t<p><b>How to contact the appropriate authority<\/b><\/p><p>Should you wish to report a complaint or if you feel that The Association has not addressed your concern in a satisfactory manner, you may contact the <a href=\"https:\/\/www.dataprotection.ro\/\">Autoritatea Na\u0163ional\u0103 de Supraveghere a Prelucr\u0103rii Datelor cu Caracter Personal<\/a><\/p><p>Email: <a href=\"mailto:anspdcp@dataprotection.ro\">anspdcp@dataprotection.ro<\/a>;<span class=\"Apple-converted-space\">\u00a0 <\/span><a href=\"mailto:dpo@dataprotection.ro\">dpo@dataprotection.ro<\/a><span class=\"Apple-converted-space\">\u00a0<\/span><\/p><p>Address: Gheorghe Magheru Boulevard 28-30, Sector 1, postal code 010336, Bucharest, Romania<\/p>\t\t\t\t\t\t\t\t<\/div>\n\t\t\t\t<\/div>\n\t\t\t\t<\/div>\n\t\t\t\t<\/div>\n\t\t\t\t<\/div>\n\t\t","protected":false},"excerpt":{"rendered":"<p>\u201cAsocia\u0163ia V.O.R. \u2013 Valoare Oameni Resurse\u201d Privacy and Cookies PolicyAsocia\u0163ia V.O.R. \u2013 Valoare Oameni Resurse (hereinafter referred to as \u201cAssociation\u201d) with its registered office in Ia\u0219i, Nicolae Iorga Boulevard, no. 12E, floor 1, office 10, Ia\u0219i County, registered in the Register of Associations and Foundations under no. 94\/A\/31.10.2023, having fiscal registration code (CIF): 49113142\/14.11.2023, together [&hellip;]<\/p>\n","protected":false},"author":2,"featured_media":0,"parent":0,"menu_order":0,"comment_status":"closed","ping_status":"closed","template":"","meta":{"footnotes":""},"class_list":["post-716","page","type-page","status-publish","hentry"],"_links":{"self":[{"href":"https:\/\/asociatia-vor.ro\/index.php\/wp-json\/wp\/v2\/pages\/716","targetHints":{"allow":["GET"]}}],"collection":[{"href":"https:\/\/asociatia-vor.ro\/index.php\/wp-json\/wp\/v2\/pages"}],"about":[{"href":"https:\/\/asociatia-vor.ro\/index.php\/wp-json\/wp\/v2\/types\/page"}],"author":[{"embeddable":true,"href":"https:\/\/asociatia-vor.ro\/index.php\/wp-json\/wp\/v2\/users\/2"}],"replies":[{"embeddable":true,"href":"https:\/\/asociatia-vor.ro\/index.php\/wp-json\/wp\/v2\/comments?post=716"}],"version-history":[{"count":4,"href":"https:\/\/asociatia-vor.ro\/index.php\/wp-json\/wp\/v2\/pages\/716\/revisions"}],"predecessor-version":[{"id":721,"href":"https:\/\/asociatia-vor.ro\/index.php\/wp-json\/wp\/v2\/pages\/716\/revisions\/721"}],"wp:attachment":[{"href":"https:\/\/asociatia-vor.ro\/index.php\/wp-json\/wp\/v2\/media?parent=716"}],"curies":[{"name":"wp","href":"https:\/\/api.w.org\/{rel}","templated":true}]}}